{"id":1899,"date":"2022-03-16T10:56:38","date_gmt":"2022-03-16T09:56:38","guid":{"rendered":"https:\/\/villarosablanca.com\/preparation-sejour-martinique\/"},"modified":"2023-04-17T18:36:15","modified_gmt":"2023-04-17T16:36:15","slug":"preparing-trip-martinique","status":"publish","type":"page","link":"https:\/\/villarosablanca.com\/en\/preparing-trip-martinique\/","title":{"rendered":"Preparing your trip to Martinique"},"content":{"rendered":"[vc_row type=\"in_container\" full_screen_row_position=\"middle\" column_margin=\"default\" column_direction=\"default\" column_direction_tablet=\"default\" column_direction_phone=\"default\" scene_position=\"center\" text_color=\"dark\" text_align=\"left\" row_border_radius=\"none\" row_border_radius_applies=\"bg\" overflow=\"visible\" overlay_strength=\"0.3\" gradient_direction=\"left_to_right\" shape_divider_position=\"bottom\" bg_image_animation=\"none\"][vc_column column_padding=\"padding-3-percent\" column_padding_tablet=\"inherit\" column_padding_phone=\"inherit\" column_padding_position=\"all\" column_element_spacing=\"default\" background_color_opacity=\"1\" background_hover_color_opacity=\"1\" column_shadow=\"none\" column_border_radius=\"none\" column_link_target=\"_self\" column_position=\"default\" advanced_gradient_angle=\"0\" gradient_direction=\"left_to_right\" overlay_strength=\"0.3\" width=\"1\/1\" tablet_width_inherit=\"default\" tablet_text_alignment=\"default\" phone_text_alignment=\"default\" animation_type=\"default\" bg_image_animation=\"none\" border_type=\"simple\" column_border_width=\"none\" column_border_style=\"solid\" gradient_type=\"default\"][vc_custom_heading text=\"Preparing your trip to Martinique\" font_container=\"tag:h1|font_size:36|text_align:left\" use_theme_fonts=\"yes\"][\/vc_column][\/vc_row][vc_row type=\"in_container\" full_screen_row_position=\"middle\" column_margin=\"default\" column_direction=\"default\" column_direction_tablet=\"default\" column_direction_phone=\"default\" scene_position=\"center\" text_color=\"dark\" text_align=\"left\" row_border_radius=\"none\" row_border_radius_applies=\"bg\" overflow=\"visible\" overlay_strength=\"0.3\" gradient_direction=\"left_to_right\" shape_divider_position=\"bottom\" bg_image_animation=\"none\"][vc_column column_padding=\"padding-3-percent\" column_padding_tablet=\"inherit\" column_padding_phone=\"inherit\" column_padding_position=\"left-right\" column_element_spacing=\"default\" background_color_opacity=\"1\" background_hover_color_opacity=\"1\" column_shadow=\"none\" column_border_radius=\"none\" column_link_target=\"_self\" column_position=\"default\" advanced_gradient_angle=\"0\" gradient_direction=\"left_to_right\" overlay_strength=\"0.3\" width=\"1\/1\" tablet_width_inherit=\"default\" tablet_text_alignment=\"default\" phone_text_alignment=\"default\" animation_type=\"default\" bg_image_animation=\"none\" border_type=\"simple\" column_border_width=\"none\" column_border_style=\"solid\" gradient_type=\"default\"][vc_column_text]You have decided to go to Martinique this year? Martinique is a beautiful island located in the Caribbean. It is known for its paradisiacal beaches, its lush vegetation and its many tourist activities. If you plan to take a trip to Martinique, here are some tips to prepare your trip. We will discuss the best time to go to Martinique, how to <a href=\"https:\/\/villarosablanca.com\/en\/\">stay in Martinique<\/a> and how to get to Martinique.[\/vc_column_text][vc_custom_heading text=\"What is the best time to visit Martinique?\" font_container=\"tag:h2|font_size:32|text_align:left\" use_theme_fonts=\"yes\"][divider line_type=\"No Line\" custom_height=\"30\"][vc_row_inner column_margin=\"default\" column_direction=\"default\" column_direction_tablet=\"default\" column_direction_phone=\"default\" text_align=\"left\" row_position=\"default\" row_position_tablet=\"inherit\" row_position_phone=\"inherit\" overflow=\"visible\" pointer_events=\"all\"][vc_column_inner column_padding=\"no-extra-padding\" column_padding_tablet=\"inherit\" column_padding_phone=\"inherit\" column_padding_position=\"all\" column_element_spacing=\"default\" background_color_opacity=\"1\" background_hover_color_opacity=\"1\" column_shadow=\"none\" column_border_radius=\"none\" column_link_target=\"_self\" gradient_direction=\"left_to_right\" overlay_strength=\"0.3\" width=\"1\/2\" tablet_width_inherit=\"default\" animation_type=\"default\" bg_image_animation=\"none\" border_type=\"simple\" column_border_width=\"none\" column_border_style=\"solid\"][image_with_animation image_url=\"1479\" image_size=\"full\" animation_type=\"entrance\" animation=\"None\" hover_animation=\"none\" alignment=\"\" border_radius=\"10px\" box_shadow=\"small_depth\" image_loading=\"default\" max_width=\"100%\" max_width_mobile=\"default\"][\/vc_column_inner][vc_column_inner column_padding=\"no-extra-padding\" column_padding_tablet=\"inherit\" column_padding_phone=\"inherit\" column_padding_position=\"all\" column_element_spacing=\"default\" background_color_opacity=\"1\" background_hover_color_opacity=\"1\" column_shadow=\"none\" column_border_radius=\"none\" column_link_target=\"_self\" gradient_direction=\"left_to_right\" overlay_strength=\"0.3\" width=\"1\/2\" tablet_width_inherit=\"default\" animation_type=\"default\" bg_image_animation=\"none\" border_type=\"simple\" column_border_width=\"none\" column_border_style=\"solid\"][vc_column_text]The best time to visit Martinique depends on what you want to do during your trip. If you are willing to explore the island through <a href=\"https:\/\/villarosablanca.com\/en\/activities-vacation-martinique\/\">outdoor activities<\/a>, the ideal period is between December and April. The temperatures are very pleasant and the rainy days are less frequent than in the wet season.<\/p>\n<p>If you prefer to visit the island and discover its culture, it is recommended to go between May and November. Prices are then lower and there are fewer tourists. In any case, temperatures in Martinique range between 25 and 30 degrees all year round, making it a really interesting destination to enjoy a tropical weather.[\/vc_column_text][\/vc_column_inner][\/vc_row_inner][vc_custom_heading text=\"How to get to Martinique?\" font_container=\"tag:h2|font_size:32|text_align:left\" use_theme_fonts=\"yes\"][divider line_type=\"No Line\" custom_height=\"30\"][vc_row_inner column_margin=\"default\" column_direction=\"default\" column_direction_tablet=\"default\" column_direction_phone=\"default\" text_align=\"left\" row_position=\"default\" row_position_tablet=\"inherit\" row_position_phone=\"inherit\" overflow=\"visible\" pointer_events=\"all\"][vc_column_inner column_padding=\"no-extra-padding\" column_padding_tablet=\"inherit\" column_padding_phone=\"inherit\" column_padding_position=\"all\" column_element_spacing=\"default\" background_color_opacity=\"1\" background_hover_color_opacity=\"1\" column_shadow=\"none\" column_border_radius=\"none\" column_link_target=\"_self\" gradient_direction=\"left_to_right\" overlay_strength=\"0.3\" width=\"1\/2\" tablet_width_inherit=\"default\" animation_type=\"default\" bg_image_animation=\"none\" border_type=\"simple\" column_border_width=\"none\" column_border_style=\"solid\"][vc_column_text]There are different ways to get to Martinique. You can take a direct flight from mainland France, or from nearby islands such as Guadeloupe or Saint-Martin. It is also possible to take a boat from the Antilles or mainland France. The length of the journey varies depending on the mode of transport you choose.<\/p>\n<p>The price of a round trip flight to Martinique varies depending on the period and the airline. It is usually higher during school holidays. For a one-way ticket, count about 200\u20ac. During the low season, you can hope to buy a round trip ticket from 300\u20ac. If you choose to take the boat, the prices are usually a bit higher than by plane.<\/p>\n<p>The Aim\u00e9 C\u00e9saire International Airport is equipped with a shuttle that serves the main cities and beach resorts of the island. You can also <a href=\"https:\/\/villarosablanca.com\/location-voiture-martinique\/\">rent a car<\/a> nearby.[\/vc_column_text][\/vc_column_inner][vc_column_inner column_padding=\"no-extra-padding\" column_padding_tablet=\"inherit\" column_padding_phone=\"inherit\" column_padding_position=\"all\" column_element_spacing=\"default\" background_color_opacity=\"1\" background_hover_color_opacity=\"1\" column_shadow=\"none\" column_border_radius=\"none\" column_link_target=\"_self\" gradient_direction=\"left_to_right\" overlay_strength=\"0.3\" width=\"1\/2\" tablet_width_inherit=\"default\" animation_type=\"default\" bg_image_animation=\"none\" border_type=\"simple\" column_border_width=\"none\" column_border_style=\"solid\"][divider line_type=\"No Line\" custom_height=\"100\"][image_with_animation image_url=\"1480\" image_size=\"full\" animation_type=\"entrance\" animation=\"None\" hover_animation=\"none\" alignment=\"\" border_radius=\"10px\" box_shadow=\"small_depth\" image_loading=\"default\" max_width=\"100%\" max_width_mobile=\"default\"][\/vc_column_inner][\/vc_row_inner][\/vc_column][\/vc_row][vc_row type=\"in_container\" full_screen_row_position=\"middle\" column_margin=\"default\" column_direction=\"default\" column_direction_tablet=\"default\" column_direction_phone=\"default\" scene_position=\"center\" text_color=\"dark\" text_align=\"left\" row_border_radius=\"none\" row_border_radius_applies=\"bg\" overflow=\"visible\" overlay_strength=\"0.3\" gradient_direction=\"left_to_right\" shape_divider_position=\"bottom\" bg_image_animation=\"none\"][vc_column column_padding=\"padding-3-percent\" column_padding_tablet=\"inherit\" column_padding_phone=\"inherit\" column_padding_position=\"all\" column_element_spacing=\"default\" background_color_opacity=\"1\" background_hover_color_opacity=\"1\" column_shadow=\"none\" column_border_radius=\"none\" column_link_target=\"_self\" column_position=\"default\" advanced_gradient_angle=\"0\" gradient_direction=\"left_to_right\" overlay_strength=\"0.3\" width=\"1\/1\" tablet_width_inherit=\"default\" tablet_text_alignment=\"default\" phone_text_alignment=\"default\" animation_type=\"default\" bg_image_animation=\"none\" border_type=\"simple\" column_border_width=\"none\" column_border_style=\"solid\" gradient_type=\"default\"][vc_custom_heading text=\"How to find accommodation in Martinique?\" font_container=\"tag:h2|font_size:32|text_align:left\" use_theme_fonts=\"yes\"][divider line_type=\"No Line\" custom_height=\"30\"][vc_column_text]There are different types of accommodation in Martinique, from camping to luxury 4* hotels. If you want cheap accommodation, camping is a good option. If you prefer a boutique hotel, there are many hotels in Martinique that fit this criteria. The prices are higher but the services are generally of good quality.<\/p>\n<p>Vous pouvez \u00e9galement choisir de louer une villa en bord de mer. Ce type d'h\u00e9bergement peut \u00eatre plus confortable que le camping mais moins cher que l'h\u00f4tel. Vous disposerez de tout le confort n\u00e9cessaire pour profiter pleinement de vos vacances.[\/vc_column_text][\/vc_column][\/vc_row]\n","protected":false},"excerpt":{"rendered":"<p>[vc_row type=\"in_container\" full_screen_row_position=\"middle\" column_margin=\"default\" column_direction=\"default\" column_direction_tablet=\"default\" column_direction_phone=\"default\" scene_position=\"center\" text_color=\"dark\" text_align=\"left\" row_border_radius=\"none\" row_border_radius_applies=\"bg\" overflow=\"visible\" overlay_strength=\"0.3\" gradient_direction=\"left_to_right\" shape_divider_position=\"bottom\" bg_image_animation=\"none\"][vc_column column_padding=\"padding-3-percent\"...<\/p>\n","protected":false},"author":1,"featured_media":0,"parent":0,"menu_order":0,"comment_status":"closed","ping_status":"closed","template":"","meta":{"inline_featured_image":false,"footnotes":""},"class_list":["post-1899","page","type-page","status-publish"],"yoast_head":"<!-- This site is optimized with the Yoast SEO plugin v27.3 - https:\/\/yoast.com\/product\/yoast-seo-wordpress\/ -->\n<title>How to prepare your stay in Martinique : Our advice<\/title>\n<meta name=\"description\" content=\"Here is all the information you need to know to prepare your holidays in Martinique: weather, flights, accommodation, etc.\" \/>\n<meta name=\"robots\" content=\"index, follow, max-snippet:-1, max-image-preview:large, max-video-preview:-1\" \/>\n<link rel=\"canonical\" href=\"https:\/\/villarosablanca.com\/en\/preparing-trip-martinique\/\" \/>\n<meta property=\"og:locale\" content=\"en_US\" \/>\n<meta property=\"og:type\" content=\"article\" \/>\n<meta property=\"og:title\" content=\"How to prepare your stay in Martinique : Our advice\" \/>\n<meta property=\"og:description\" content=\"Here is all the information you need to know to prepare your holidays in Martinique: weather, flights, accommodation, etc.\" \/>\n<meta property=\"og:url\" content=\"https:\/\/villarosablanca.com\/en\/preparing-trip-martinique\/\" \/>\n<meta property=\"og:site_name\" content=\"Villa Rosa Blanca\" \/>\n<meta property=\"article:modified_time\" content=\"2023-04-17T16:36:15+00:00\" \/>\n<meta name=\"twitter:card\" content=\"summary_large_image\" \/>\n<meta name=\"twitter:label1\" content=\"Est. reading time\" \/>\n\t<meta name=\"twitter:data1\" content=\"4 minutes\" \/>\n<script type=\"application\/ld+json\" class=\"yoast-schema-graph\">{\"@context\":\"https:\\\/\\\/schema.org\",\"@graph\":[{\"@type\":\"WebPage\",\"@id\":\"https:\\\/\\\/villarosablanca.com\\\/en\\\/preparing-trip-martinique\\\/\",\"url\":\"https:\\\/\\\/villarosablanca.com\\\/en\\\/preparing-trip-martinique\\\/\",\"name\":\"How to prepare your stay in Martinique : Our advice\",\"isPartOf\":{\"@id\":\"https:\\\/\\\/www.villarosablanca.com\\\/en\\\/#website\"},\"datePublished\":\"2022-03-16T09:56:38+00:00\",\"dateModified\":\"2023-04-17T16:36:15+00:00\",\"description\":\"Here is all the information you need to know to prepare your holidays in Martinique: weather, flights, accommodation, etc.\",\"breadcrumb\":{\"@id\":\"https:\\\/\\\/villarosablanca.com\\\/en\\\/preparing-trip-martinique\\\/#breadcrumb\"},\"inLanguage\":\"en-US\",\"potentialAction\":[{\"@type\":\"ReadAction\",\"target\":[\"https:\\\/\\\/villarosablanca.com\\\/en\\\/preparing-trip-martinique\\\/\"]}]},{\"@type\":\"BreadcrumbList\",\"@id\":\"https:\\\/\\\/villarosablanca.com\\\/en\\\/preparing-trip-martinique\\\/#breadcrumb\",\"itemListElement\":[{\"@type\":\"ListItem\",\"position\":1,\"name\":\"Accueil\",\"item\":\"https:\\\/\\\/villarosablanca.com\\\/en\\\/\"},{\"@type\":\"ListItem\",\"position\":2,\"name\":\"Preparing your trip to Martinique\"}]},{\"@type\":\"WebSite\",\"@id\":\"https:\\\/\\\/www.villarosablanca.com\\\/en\\\/#website\",\"url\":\"https:\\\/\\\/www.villarosablanca.com\\\/en\\\/\",\"name\":\"Villa Rosa Blanca\",\"description\":\"Only at Villa Rosa Blanca\",\"potentialAction\":[{\"@type\":\"SearchAction\",\"target\":{\"@type\":\"EntryPoint\",\"urlTemplate\":\"https:\\\/\\\/www.villarosablanca.com\\\/en\\\/?s={search_term_string}\"},\"query-input\":{\"@type\":\"PropertyValueSpecification\",\"valueRequired\":true,\"valueName\":\"search_term_string\"}}],\"inLanguage\":\"en-US\"}]}<\/script>\n<!-- \/ Yoast SEO plugin. -->","yoast_head_json":{"title":"How to prepare your stay in Martinique : Our advice","description":"Here is all the information you need to know to prepare your holidays in Martinique: weather, flights, accommodation, etc.","robots":{"index":"index","follow":"follow","max-snippet":"max-snippet:-1","max-image-preview":"max-image-preview:large","max-video-preview":"max-video-preview:-1"},"canonical":"https:\/\/villarosablanca.com\/en\/preparing-trip-martinique\/","og_locale":"en_US","og_type":"article","og_title":"How to prepare your stay in Martinique : Our advice","og_description":"Here is all the information you need to know to prepare your holidays in Martinique: weather, flights, accommodation, etc.","og_url":"https:\/\/villarosablanca.com\/en\/preparing-trip-martinique\/","og_site_name":"Villa Rosa Blanca","article_modified_time":"2023-04-17T16:36:15+00:00","twitter_card":"summary_large_image","twitter_misc":{"Est. reading time":"4 minutes"},"schema":{"@context":"https:\/\/schema.org","@graph":[{"@type":"WebPage","@id":"https:\/\/villarosablanca.com\/en\/preparing-trip-martinique\/","url":"https:\/\/villarosablanca.com\/en\/preparing-trip-martinique\/","name":"How to prepare your stay in Martinique : Our advice","isPartOf":{"@id":"https:\/\/www.villarosablanca.com\/en\/#website"},"datePublished":"2022-03-16T09:56:38+00:00","dateModified":"2023-04-17T16:36:15+00:00","description":"Here is all the information you need to know to prepare your holidays in Martinique: weather, flights, accommodation, etc.","breadcrumb":{"@id":"https:\/\/villarosablanca.com\/en\/preparing-trip-martinique\/#breadcrumb"},"inLanguage":"en-US","potentialAction":[{"@type":"ReadAction","target":["https:\/\/villarosablanca.com\/en\/preparing-trip-martinique\/"]}]},{"@type":"BreadcrumbList","@id":"https:\/\/villarosablanca.com\/en\/preparing-trip-martinique\/#breadcrumb","itemListElement":[{"@type":"ListItem","position":1,"name":"Accueil","item":"https:\/\/villarosablanca.com\/en\/"},{"@type":"ListItem","position":2,"name":"Preparing your trip to Martinique"}]},{"@type":"WebSite","@id":"https:\/\/www.villarosablanca.com\/en\/#website","url":"https:\/\/www.villarosablanca.com\/en\/","name":"Villa Rosa Blanca","description":"Only at Villa Rosa Blanca","potentialAction":[{"@type":"SearchAction","target":{"@type":"EntryPoint","urlTemplate":"https:\/\/www.villarosablanca.com\/en\/?s={search_term_string}"},"query-input":{"@type":"PropertyValueSpecification","valueRequired":true,"valueName":"search_term_string"}}],"inLanguage":"en-US"}]}},"_links":{"self":[{"href":"https:\/\/villarosablanca.com\/en\/wp-json\/wp\/v2\/pages\/1899","targetHints":{"allow":["GET"]}}],"collection":[{"href":"https:\/\/villarosablanca.com\/en\/wp-json\/wp\/v2\/pages"}],"about":[{"href":"https:\/\/villarosablanca.com\/en\/wp-json\/wp\/v2\/types\/page"}],"author":[{"embeddable":true,"href":"https:\/\/villarosablanca.com\/en\/wp-json\/wp\/v2\/users\/1"}],"replies":[{"embeddable":true,"href":"https:\/\/villarosablanca.com\/en\/wp-json\/wp\/v2\/comments?post=1899"}],"version-history":[{"count":0,"href":"https:\/\/villarosablanca.com\/en\/wp-json\/wp\/v2\/pages\/1899\/revisions"}],"wp:attachment":[{"href":"https:\/\/villarosablanca.com\/en\/wp-json\/wp\/v2\/media?parent=1899"}],"curies":[{"name":"wp","href":"https:\/\/api.w.org\/{rel}","templated":true}]}}